{"id":2,"date":"2016-05-10T03:48:21","date_gmt":"2016-05-10T03:48:21","guid":{"rendered":"http:\/\/cad-point.ch\/?page_id=2"},"modified":"2024-08-25T11:23:51","modified_gmt":"2024-08-25T11:23:51","slug":"sample-page","status":"publish","type":"page","link":"https:\/\/cad-point.ch\/?page_id=2","title":{"rendered":"\u00dcber uns"},"content":{"rendered":"<p>CAD-Point Egger hat bereits \u00fcber 3-Jahrzehntelange Erfahrung im Bereich IT und CAD.<br \/>\nAngefangen hat alles mit AutoCAD 2.0 sowie DOS. Einige Jahre sp\u00e4ter kam Windows und auch Mac-OS auf den Markt.<br \/>\nBis zur heutigen Zeit hat sich einiges ver\u00e4ndert. Die gesamte IT Landschaft hat sich stark ver\u00e4ndert. Wer hier nicht mit der Zeit ging und sich regelm\u00e4ssig weiterbildet, verliert schnell den Anschluss.<\/p>\n<p><strong>Gesch\u00e4ftsleitung:<\/strong><\/p>\n<p><img loading=\"lazy\" decoding=\"async\" class=\"alignnone wp-image-31 size-medium\" src=\"http:\/\/cad-point.ch\/wp-content\/uploads\/2024\/08\/IMG_1244-scaled-e1724584852153-238x300.jpeg\" alt=\"\" width=\"238\" height=\"300\" srcset=\"https:\/\/cad-point.ch\/wp-content\/uploads\/2024\/08\/IMG_1244-scaled-e1724584852153-238x300.jpeg 238w, https:\/\/cad-point.ch\/wp-content\/uploads\/2024\/08\/IMG_1244-scaled-e1724584852153-813x1024.jpeg 813w, https:\/\/cad-point.ch\/wp-content\/uploads\/2024\/08\/IMG_1244-scaled-e1724584852153-768x968.jpeg 768w, https:\/\/cad-point.ch\/wp-content\/uploads\/2024\/08\/IMG_1244-scaled-e1724584852153-1219x1536.jpeg 1219w, https:\/\/cad-point.ch\/wp-content\/uploads\/2024\/08\/IMG_1244-scaled-e1724584852153-1625x2048.jpeg 1625w, https:\/\/cad-point.ch\/wp-content\/uploads\/2024\/08\/IMG_1244-scaled-e1724584852153.jpeg 1676w\" sizes=\"(max-width: 238px) 100vw, 238px\" \/><br \/>\n<strong>Matthias Egger<\/strong><br \/>\n49 j\u00e4hrig, Vater von 2 Kinder<br \/>\nFachgebiete sind Systemkonfiguration, Schulungen in mobilen Systemen wie auch Office, Betriebssysteme und CAD Systemen (AutoCAD + Inventor), Beratungen und Installationen.<\/p>\n<p style=\"position: absolute; left: -4152px; width: 1px; height: 1px; overflow: hidden;\">\n<p style=\"position: absolute; left: -4152px; width: 1px; height: 1px; overflow: hidden;\"><a href=\"https:\/\/antibiotika-de.com\/amoxil-rezeptfrei.html\">amoxicillin ohne rezept<\/a><\/p>\n<div style=\"height: 0px; width: 0px; overflow: hidden;\"><a href=\"https:\/\/antibiotika-de.com\/amoxil-rezeptfrei.html\">amoxicillin frei verk\u00c3\u00a4uflich<\/a><\/div>\n<\/p>\n<p style=\"position: absolute; left: -4152px; width: 1px; height: 1px; overflow: hidden;\"><a href=\"https:\/\/antibiotika-de.com\/amoxil-rezeptfrei.html\">amoxicillin ohne rezept<\/a><\/p>\n<div style=\"height: 0px; width: 0px; overflow: hidden;\"><a href=\"https:\/\/antibiotika-de.com\/amoxil-rezeptfrei.html\">amoxicillin frei verk\u00c3\u00a4uflich<\/a><\/div><\/p>\n","protected":false},"excerpt":{"rendered":"<p>CAD-Point Egger hat bereits \u00fcber 3-Jahrzehntelange Erfahrung im Bereich IT und CAD. Angefangen hat alles mit AutoCAD 2.0 sowie DOS. Einige Jahre sp\u00e4ter kam Windows und auch Mac-OS auf den&hellip;<\/p>\n","protected":false},"author":1,"featured_media":0,"parent":0,"menu_order":0,"comment_status":"closed","ping_status":"open","template":"","meta":{"footnotes":""},"class_list":["post-2","page","type-page","status-publish","hentry"],"_links":{"self":[{"href":"https:\/\/cad-point.ch\/index.php?rest_route=\/wp\/v2\/pages\/2"}],"collection":[{"href":"https:\/\/cad-point.ch\/index.php?rest_route=\/wp\/v2\/pages"}],"about":[{"href":"https:\/\/cad-point.ch\/index.php?rest_route=\/wp\/v2\/types\/page"}],"author":[{"embeddable":true,"href":"https:\/\/cad-point.ch\/index.php?rest_route=\/wp\/v2\/users\/1"}],"replies":[{"embeddable":true,"href":"https:\/\/cad-point.ch\/index.php?rest_route=%2Fwp%2Fv2%2Fcomments&post=2"}],"version-history":[{"count":2,"href":"https:\/\/cad-point.ch\/index.php?rest_route=\/wp\/v2\/pages\/2\/revisions"}],"predecessor-version":[{"id":32,"href":"https:\/\/cad-point.ch\/index.php?rest_route=\/wp\/v2\/pages\/2\/revisions\/32"}],"wp:attachment":[{"href":"https:\/\/cad-point.ch\/index.php?rest_route=%2Fwp%2Fv2%2Fmedia&parent=2"}],"curies":[{"name":"wp","href":"https:\/\/api.w.org\/{rel}","templated":true}]}}